{"id":2,"date":"2022-06-18T15:38:47","date_gmt":"2022-06-18T15:38:47","guid":{"rendered":"https:\/\/www.parafiawojtowice.pl\/?page_id=2"},"modified":"2024-07-21T20:50:34","modified_gmt":"2024-07-21T20:50:34","slug":"sample-page","status":"publish","type":"page","link":"https:\/\/www.parafiawojtowice.pl\/","title":{"rendered":"Szcz\u0119\u015b\u0107 Bo\u017ce"},"content":{"rendered":"\n<p class=\"has-text-align-center\">Witamy na stronie parafii pw. \u015aw. Marii Magdaleny w W\u00f3jtowicach. <\/p>\n\n\n\n<p class=\"has-text-align-center has-medium-font-size\"><em>Porz\u0105dek Mszy \u015bw.:<\/em><\/p>\n\n\n\n<p class=\"has-text-align-center\"><strong>Niedziela: <\/strong><\/p>\n\n\n\n<p class=\"has-text-align-center\">9.00 &#8211; W\u00f3jtowice; 10.45 &#8211; Nowa Bystrzyca<\/p>\n\n\n\n<p class=\"has-text-align-center\"><strong>W tygodniu: <\/strong><\/p>\n\n\n\n<p class=\"has-text-align-center\">wtorek, czwartek &#8211;  18.00 &#8211; W\u00f3jtowice<\/p>\n\n\n\n<p class=\"has-text-align-center\">\u015broda, pi\u0105tek &#8211; 18.00 &#8211; Nowa Bystrzyca<\/p>\n\n\n\n<p class=\"has-text-align-center\">sobota &#8211; 9.00 &#8211; W\u00f3jtowice<\/p>\n\n\n\n<p class=\"has-text-align-center\"><\/p>\n\n\n\n<p class=\"has-text-align-center has-medium-font-size\"><em>Sakrament Pokuty i Pojednania:<\/em><\/p>\n\n\n\n<p class=\"has-text-align-center\">15 min przed ka\u017cd\u0105 Msz\u0105 \u015aw.<\/p>\n\n\n\n<p><\/p>\n","protected":false},"excerpt":{"rendered":"<p>Witamy na stronie parafii pw. \u015aw. Marii Magdaleny w W\u00f3jtowicach. Porz\u0105dek Mszy \u015bw.: Niedziela: 9.00 &#8211; W\u00f3jtowice; 10.45 &#8211; Nowa Bystrzyca W tygodniu: wtorek, czwartek &#8211; 18.00 &#8211; W\u00f3jtowice \u015broda, pi\u0105tek &#8211; 18.00 &#8211; Nowa Bystrzyca sobota &#8211; 9.00 &#8211; W\u00f3jtowice Sakrament Pokuty i Pojednania: 15 min przed ka\u017cd\u0105 Msz\u0105 \u015aw.<\/p>\n","protected":false},"author":1,"featured_media":0,"parent":0,"menu_order":0,"comment_status":"closed","ping_status":"open","template":"","meta":{"footnotes":""},"class_list":["post-2","page","type-page","status-publish","hentry"],"_links":{"self":[{"href":"https:\/\/www.parafiawojtowice.pl\/index.php?rest_route=\/wp\/v2\/pages\/2","targetHints":{"allow":["GET"]}}],"collection":[{"href":"https:\/\/www.parafiawojtowice.pl\/index.php?rest_route=\/wp\/v2\/pages"}],"about":[{"href":"https:\/\/www.parafiawojtowice.pl\/index.php?rest_route=\/wp\/v2\/types\/page"}],"author":[{"embeddable":true,"href":"https:\/\/www.parafiawojtowice.pl\/index.php?rest_route=\/wp\/v2\/users\/1"}],"replies":[{"embeddable":true,"href":"https:\/\/www.parafiawojtowice.pl\/index.php?rest_route=%2Fwp%2Fv2%2Fcomments&post=2"}],"version-history":[{"count":9,"href":"https:\/\/www.parafiawojtowice.pl\/index.php?rest_route=\/wp\/v2\/pages\/2\/revisions"}],"predecessor-version":[{"id":649,"href":"https:\/\/www.parafiawojtowice.pl\/index.php?rest_route=\/wp\/v2\/pages\/2\/revisions\/649"}],"wp:attachment":[{"href":"https:\/\/www.parafiawojtowice.pl\/index.php?rest_route=%2Fwp%2Fv2%2Fmedia&parent=2"}],"curies":[{"name":"wp","href":"https:\/\/api.w.org\/{rel}","templated":true}]}}